{"id":4749,"date":"2025-03-20T03:29:29","date_gmt":"2025-03-20T03:29:29","guid":{"rendered":"https:\/\/goutte-de-rosee.com\/?page_id=3"},"modified":"2026-04-08T11:52:54","modified_gmt":"2026-04-08T11:52:54","slug":"privacy-policy","status":"publish","type":"page","link":"https:\/\/goutte-de-rosee.com\/fr\/privacy-policy\/","title":{"rendered":"Politique de confidentialite"},"content":{"rendered":"<h2 class=\"wp-block-heading\">Qui sommes-nous<\/h2>\n\n\n<p>Goutte de Ros\u00e9e est une entreprise cosm\u00e9tique qui r\u00e9unit plusieurs marques de beaut\u00e9 et de soins de la peau au sein d\u2019un univers raffin\u00e9. L\u2019adresse de notre site web est : [https:\/\/goutte-de-rosee.com](https:\/\/goutte-de-rosee.com).<\/p>\n\n\n\n<h2 class=\"wp-block-heading\">Commentaires<\/h2>\n\n\n<p>Lorsque les visiteurs laissent des commentaires sur notre site, nous collectons les donn\u00e9es affich\u00e9es dans le formulaire de commentaire, ainsi que l\u2019adresse IP du visiteur et la cha\u00eene de l\u2019agent utilisateur du navigateur afin d\u2019aider \u00e0 la d\u00e9tection des spams.<\/p>\n\n\n<p>Une cha\u00eene anonymis\u00e9e cr\u00e9\u00e9e \u00e0 partir de votre adresse e-mail (\u00e9galement appel\u00e9e hash) peut \u00eatre transmise au service Gravatar afin de v\u00e9rifier si vous l\u2019utilisez. Apr\u00e8s validation de votre commentaire, votre photo de profil peut \u00eatre visible publiquement dans le contexte de votre commentaire.<\/p>\n\n\n\n<h2 class=\"wp-block-heading\">M\u00e9dias<\/h2>\n\n\n<p>Si vous t\u00e9l\u00e9versez des images sur le site web, nous vous conseillons d\u2019\u00e9viter d\u2019envoyer des images contenant des donn\u00e9es de localisation int\u00e9gr\u00e9es (EXIF GPS). Les visiteurs du site peuvent \u00e9ventuellement t\u00e9l\u00e9charger ces images et extraire les donn\u00e9es de localisation qu\u2019elles contiennent.<\/p>\n\n\n\n<h2 class=\"wp-block-heading\">Cookies<\/h2>\n\n\n<p>Si vous laissez un commentaire sur notre site, vous pouvez choisir d\u2019enregistrer votre nom, votre adresse e-mail et votre site web dans des cookies. Ceux-ci sont utilis\u00e9s pour votre confort afin de vous \u00e9viter de ressaisir ces informations lors d\u2019un prochain commentaire. Ces cookies peuvent \u00eatre conserv\u00e9s pendant une dur\u00e9e d\u2019un an.<\/p>\n\n\n<p>Si vous visitez notre page de connexion, un cookie temporaire peut \u00eatre cr\u00e9\u00e9 afin de v\u00e9rifier si votre navigateur accepte les cookies. Ce cookie ne contient aucune donn\u00e9e personnelle et est supprim\u00e9 lorsque vous fermez votre navigateur.<\/p>\n\n\n<p>Lorsque vous vous connectez, nous pouvons \u00e9galement installer plusieurs cookies afin d\u2019enregistrer vos informations de connexion et vos pr\u00e9f\u00e9rences d\u2019affichage \u00e0 l\u2019\u00e9cran. Les cookies de connexion peuvent \u00eatre conserv\u00e9s pendant deux jours, tandis que les cookies li\u00e9s aux options d\u2019affichage peuvent \u00eatre conserv\u00e9s pendant un an. Si vous s\u00e9lectionnez \u00ab Se souvenir de moi \u00bb, votre connexion peut \u00eatre maintenue pendant deux semaines. Si vous vous d\u00e9connectez, les cookies de connexion seront supprim\u00e9s.<\/p>\n\n\n<p>Si vous modifiez ou publiez un article, un cookie suppl\u00e9mentaire peut \u00eatre enregistr\u00e9 dans votre navigateur. Ce cookie ne contient aucune donn\u00e9e personnelle ; il indique simplement l\u2019identifiant de l\u2019article que vous venez de modifier. Il expire au bout d\u2019un jour.<\/p>\n\n\n\n<h2 class=\"wp-block-heading\">Contenu int\u00e9gr\u00e9 depuis d\u2019autres sites web<\/h2>\n\n\n<p>Les articles ou pages de ce site peuvent inclure des contenus int\u00e9gr\u00e9s tels que des vid\u00e9os, des images, des articles ou d\u2019autres m\u00e9dias. Le contenu int\u00e9gr\u00e9 provenant d\u2019autres sites web se comporte de la m\u00eame mani\u00e8re que si le visiteur visitait directement cet autre site.<\/p>\n\n\n<p>Ces sites tiers peuvent collecter des donn\u00e9es vous concernant, utiliser des cookies, int\u00e9grer des technologies de suivi suppl\u00e9mentaires et surveiller votre interaction avec ce contenu int\u00e9gr\u00e9, en particulier si vous disposez d\u2019un compte et si vous \u00eates connect\u00e9 \u00e0 ces sites web.<\/p>\n\n\n\n<h2 class=\"wp-block-heading\">Avec qui nous partageons vos donn\u00e9es<\/h2>\n\n\n<p>We do not sell or trade your personal data. If you request a password reset, your IP address may be included in the reset email for security purposes.<\/p>\n\n\n\n<h2 class=\"wp-block-heading\">Dur\u00e9e de conservation de vos donn\u00e9es<\/h2>\n\n\n<p>Si vous laissez un commentaire, celui-ci ainsi que ses m\u00e9tadonn\u00e9es peuvent \u00eatre conserv\u00e9s ind\u00e9finiment. Cela nous permet de reconna\u00eetre et d\u2019approuver automatiquement les commentaires suivants, au lieu de les laisser en attente dans une file de mod\u00e9ration.<\/p>\n\n\n<p>Pour les utilisateurs qui s\u2019inscrivent sur notre site web, le cas \u00e9ch\u00e9ant, nous conservons \u00e9galement les informations personnelles fournies dans leur profil utilisateur. Tous les utilisateurs peuvent consulter, modifier ou supprimer leurs informations personnelles \u00e0 tout moment, \u00e0 l\u2019exception de leur nom d\u2019utilisateur. Les administrateurs du site web peuvent \u00e9galement consulter et modifier ces informations.<\/p>\n\n\n\n<h2 class=\"wp-block-heading\">Vos droits sur vos donn\u00e9es personnelles<\/h2>\n\n\n<p>Si vous avez un compte sur ce site ou si vous avez laiss\u00e9 des commentaires, vous pouvez demander \u00e0 recevoir un fichier export\u00e9 des donn\u00e9es personnelles que nous d\u00e9tenons \u00e0 votre sujet, y compris celles que vous nous avez fournies. Vous pouvez \u00e9galement demander la suppression des donn\u00e9es personnelles que nous conservons \u00e0 votre sujet, \u00e0 l\u2019exception de celles que nous sommes tenus de conserver \u00e0 des fins administratives, l\u00e9gales ou de s\u00e9curit\u00e9.<\/p>\n\n\n\n<h2 class=\"wp-block-heading\">O\u00f9 vos donn\u00e9es sont envoy\u00e9es<\/h2>\n\n\n<p>Les commentaires des visiteurs peuvent \u00eatre v\u00e9rifi\u00e9s \u00e0 l\u2019aide d\u2019un service automatis\u00e9 de d\u00e9tection des spams.<\/p>","protected":false},"excerpt":{"rendered":"<p>Who we are Goutte de Ros\u00e9e is a cosmetic company that brings together several beauty and skincare brands under one refined universe. Our website address is: https:\/\/goutte-de-rosee.com. Comments When visitors leave comments on our site, we collect the data shown in the comments form, as well as the visitor\u2019s IP address and browser user agent [&hellip;]<\/p>\n","protected":false},"author":1,"featured_media":0,"parent":0,"menu_order":0,"comment_status":"closed","ping_status":"closed","template":"","meta":{"footnotes":""},"class_list":["post-4749","page","type-page","status-publish","hentry"],"jetpack_sharing_enabled":true,"_links":{"self":[{"href":"https:\/\/goutte-de-rosee.com\/fr\/wp-json\/wp\/v2\/pages\/4749","targetHints":{"allow":["GET"]}}],"collection":[{"href":"https:\/\/goutte-de-rosee.com\/fr\/wp-json\/wp\/v2\/pages"}],"about":[{"href":"https:\/\/goutte-de-rosee.com\/fr\/wp-json\/wp\/v2\/types\/page"}],"author":[{"embeddable":true,"href":"https:\/\/goutte-de-rosee.com\/fr\/wp-json\/wp\/v2\/users\/1"}],"replies":[{"embeddable":true,"href":"https:\/\/goutte-de-rosee.com\/fr\/wp-json\/wp\/v2\/comments?post=4749"}],"version-history":[{"count":1,"href":"https:\/\/goutte-de-rosee.com\/fr\/wp-json\/wp\/v2\/pages\/4749\/revisions"}],"predecessor-version":[{"id":5283,"href":"https:\/\/goutte-de-rosee.com\/fr\/wp-json\/wp\/v2\/pages\/4749\/revisions\/5283"}],"wp:attachment":[{"href":"https:\/\/goutte-de-rosee.com\/fr\/wp-json\/wp\/v2\/media?parent=4749"}],"curies":[{"name":"wp","href":"https:\/\/api.w.org\/{rel}","templated":true}]}}