{"id":4980,"date":"2026-04-07T09:56:15","date_gmt":"2026-04-07T09:56:15","guid":{"rendered":"https:\/\/goutte-de-rosee.com\/product\/gel-anti-douleur\/"},"modified":"2026-04-07T15:18:08","modified_gmt":"2026-04-07T15:18:08","slug":"gel-anti-douleur","status":"publish","type":"product","link":"https:\/\/goutte-de-rosee.com\/fr\/produit\/gel-anti-douleur\/","title":{"rendered":"Gel anti-douleur"},"content":{"rendered":"<p>Pain-relief cream gel formulated with rosemary essential oil for rheumatism relief, peppermint oil for joint and muscle pain, clove oil with anti-inflammatory properties. Volume: 200ml.<\/p>","protected":false},"excerpt":{"rendered":"<p>Gel-cr\u00e8me indiqu\u00e9 pour les douleurs l\u00e9g\u00e8res \u00e0 mod\u00e9r\u00e9es : mal de dos, lombalgie, arthrose, entorses, contractures musculaires<\/p>","protected":false},"featured_media":5074,"comment_status":"open","ping_status":"closed","template":"","meta":[],"product_brand":[],"product_cat":[103],"product_tag":[],"class_list":{"0":"post-4980","1":"product","2":"type-product","3":"status-publish","4":"has-post-thumbnail","6":"product_cat-body","7":"dc_vendor_shop-oryxbio","9":"first","10":"instock","11":"shipping-taxable","12":"purchasable","13":"product-type-simple"},"jetpack_sharing_enabled":true,"_links":{"self":[{"href":"https:\/\/goutte-de-rosee.com\/fr\/wp-json\/wp\/v2\/product\/4980","targetHints":{"allow":["GET"]}}],"collection":[{"href":"https:\/\/goutte-de-rosee.com\/fr\/wp-json\/wp\/v2\/product"}],"about":[{"href":"https:\/\/goutte-de-rosee.com\/fr\/wp-json\/wp\/v2\/types\/product"}],"replies":[{"embeddable":true,"href":"https:\/\/goutte-de-rosee.com\/fr\/wp-json\/wp\/v2\/comments?post=4980"}],"version-history":[{"count":1,"href":"https:\/\/goutte-de-rosee.com\/fr\/wp-json\/wp\/v2\/product\/4980\/revisions"}],"predecessor-version":[{"id":5189,"href":"https:\/\/goutte-de-rosee.com\/fr\/wp-json\/wp\/v2\/product\/4980\/revisions\/5189"}],"wp:featuredmedia":[{"embeddable":true,"href":"https:\/\/goutte-de-rosee.com\/fr\/wp-json\/wp\/v2\/media\/5074"}],"wp:attachment":[{"href":"https:\/\/goutte-de-rosee.com\/fr\/wp-json\/wp\/v2\/media?parent=4980"}],"wp:term":[{"taxonomy":"product_brand","embeddable":true,"href":"https:\/\/goutte-de-rosee.com\/fr\/wp-json\/wp\/v2\/product_brand?post=4980"},{"taxonomy":"product_cat","embeddable":true,"href":"https:\/\/goutte-de-rosee.com\/fr\/wp-json\/wp\/v2\/product_cat?post=4980"},{"taxonomy":"product_tag","embeddable":true,"href":"https:\/\/goutte-de-rosee.com\/fr\/wp-json\/wp\/v2\/product_tag?post=4980"}],"curies":[{"name":"wp","href":"https:\/\/api.w.org\/{rel}","templated":true}]}}