{"id":4982,"date":"2026-04-07T09:56:17","date_gmt":"2026-04-07T09:56:17","guid":{"rendered":"https:\/\/goutte-de-rosee.com\/product\/acnestop\/"},"modified":"2026-04-07T10:56:28","modified_gmt":"2026-04-07T10:56:28","slug":"acnestop","status":"publish","type":"product","link":"https:\/\/goutte-de-rosee.com\/fr\/produit\/acnestop\/","title":{"rendered":"ACNESTOP"},"content":{"rendered":"<p>The night anti-acne serum fights acne problems and pimples. It regulates sebum production and tightens pores. Composition: Spirulina, jojoba oil, black seed oil, hazelnut oil, Chilean rosehip oil, fine lavender essential oil, tea tree essential oil, rosemary verbenone essential oil, lemon essential oil, wild carrot essential oil, eucalyptus essential oil. Directions: Shake the bottle before use. Pour 6-7 drops into the palm, warm by rubbing hands together, then apply in broad strokes on cleansed face. Volume: 10 ml<\/p>","protected":false},"excerpt":{"rendered":"<p>Le s\u00e9rum anti-acn\u00e9 de nuit combat les probl\u00e8mes d\u2019acn\u00e9 et les boutons. Il r\u00e9gule la production de s\u00e9bum et resserre les pores.<\/p>","protected":false},"featured_media":5075,"comment_status":"open","ping_status":"closed","template":"","meta":[],"product_brand":[],"product_cat":[104,105],"product_tag":[],"class_list":{"0":"post-4982","1":"product","2":"type-product","3":"status-publish","4":"has-post-thumbnail","6":"product_cat-anti-acne","7":"product_cat-face","8":"dc_vendor_shop-oryxbio","10":"first","11":"instock","12":"shipping-taxable","13":"purchasable","14":"product-type-simple"},"jetpack_sharing_enabled":true,"_links":{"self":[{"href":"https:\/\/goutte-de-rosee.com\/fr\/wp-json\/wp\/v2\/product\/4982","targetHints":{"allow":["GET"]}}],"collection":[{"href":"https:\/\/goutte-de-rosee.com\/fr\/wp-json\/wp\/v2\/product"}],"about":[{"href":"https:\/\/goutte-de-rosee.com\/fr\/wp-json\/wp\/v2\/types\/product"}],"replies":[{"embeddable":true,"href":"https:\/\/goutte-de-rosee.com\/fr\/wp-json\/wp\/v2\/comments?post=4982"}],"version-history":[{"count":0,"href":"https:\/\/goutte-de-rosee.com\/fr\/wp-json\/wp\/v2\/product\/4982\/revisions"}],"wp:featuredmedia":[{"embeddable":true,"href":"https:\/\/goutte-de-rosee.com\/fr\/wp-json\/wp\/v2\/media\/5075"}],"wp:attachment":[{"href":"https:\/\/goutte-de-rosee.com\/fr\/wp-json\/wp\/v2\/media?parent=4982"}],"wp:term":[{"taxonomy":"product_brand","embeddable":true,"href":"https:\/\/goutte-de-rosee.com\/fr\/wp-json\/wp\/v2\/product_brand?post=4982"},{"taxonomy":"product_cat","embeddable":true,"href":"https:\/\/goutte-de-rosee.com\/fr\/wp-json\/wp\/v2\/product_cat?post=4982"},{"taxonomy":"product_tag","embeddable":true,"href":"https:\/\/goutte-de-rosee.com\/fr\/wp-json\/wp\/v2\/product_tag?post=4982"}],"curies":[{"name":"wp","href":"https:\/\/api.w.org\/{rel}","templated":true}]}}