{"id":4984,"date":"2026-04-07T09:56:19","date_gmt":"2026-04-07T09:56:19","guid":{"rendered":"https:\/\/goutte-de-rosee.com\/product\/bain-de-bouche\/"},"modified":"2026-04-07T15:18:08","modified_gmt":"2026-04-07T15:18:08","slug":"bain-de-bouche","status":"publish","type":"product","link":"https:\/\/goutte-de-rosee.com\/fr\/produit\/bain-de-bouche\/","title":{"rendered":"Bain de bouche"},"content":{"rendered":"<p>The ORYX BIO mouthwash is recommended for daily use as a complement to brushing or as a local treatment for oral cavity conditions (herpes, gingivitis, canker sores, oral mucosa inflammation). It helps prevent dental plaque buildup and gum problems. The pleasant taste of peppermint and eucalyptus leaves a fresh and clean sensation in the mouth. Formula without alcohol, parabens, petrochemical derivatives, or fluoride.<\/p>","protected":false},"excerpt":{"rendered":"<p>Recommand\u00e9 pour un usage quotidien en compl\u00e9ment du brossage ou comme traitement local des affections de la cavit\u00e9 buccale<\/p>","protected":false},"featured_media":5076,"comment_status":"open","ping_status":"closed","template":"","meta":[],"product_brand":[],"product_cat":[106,105],"product_tag":[],"class_list":{"0":"post-4984","1":"product","2":"type-product","3":"status-publish","4":"has-post-thumbnail","6":"product_cat-dental-care","7":"product_cat-face","8":"dc_vendor_shop-oryxbio","10":"first","11":"instock","12":"shipping-taxable","13":"purchasable","14":"product-type-simple"},"jetpack_sharing_enabled":true,"_links":{"self":[{"href":"https:\/\/goutte-de-rosee.com\/fr\/wp-json\/wp\/v2\/product\/4984","targetHints":{"allow":["GET"]}}],"collection":[{"href":"https:\/\/goutte-de-rosee.com\/fr\/wp-json\/wp\/v2\/product"}],"about":[{"href":"https:\/\/goutte-de-rosee.com\/fr\/wp-json\/wp\/v2\/types\/product"}],"replies":[{"embeddable":true,"href":"https:\/\/goutte-de-rosee.com\/fr\/wp-json\/wp\/v2\/comments?post=4984"}],"version-history":[{"count":1,"href":"https:\/\/goutte-de-rosee.com\/fr\/wp-json\/wp\/v2\/product\/4984\/revisions"}],"predecessor-version":[{"id":5188,"href":"https:\/\/goutte-de-rosee.com\/fr\/wp-json\/wp\/v2\/product\/4984\/revisions\/5188"}],"wp:featuredmedia":[{"embeddable":true,"href":"https:\/\/goutte-de-rosee.com\/fr\/wp-json\/wp\/v2\/media\/5076"}],"wp:attachment":[{"href":"https:\/\/goutte-de-rosee.com\/fr\/wp-json\/wp\/v2\/media?parent=4984"}],"wp:term":[{"taxonomy":"product_brand","embeddable":true,"href":"https:\/\/goutte-de-rosee.com\/fr\/wp-json\/wp\/v2\/product_brand?post=4984"},{"taxonomy":"product_cat","embeddable":true,"href":"https:\/\/goutte-de-rosee.com\/fr\/wp-json\/wp\/v2\/product_cat?post=4984"},{"taxonomy":"product_tag","embeddable":true,"href":"https:\/\/goutte-de-rosee.com\/fr\/wp-json\/wp\/v2\/product_tag?post=4984"}],"curies":[{"name":"wp","href":"https:\/\/api.w.org\/{rel}","templated":true}]}}