{"id":4988,"date":"2026-04-07T09:56:23","date_gmt":"2026-04-07T09:56:23","guid":{"rendered":"https:\/\/goutte-de-rosee.com\/product\/lifting-seins\/"},"modified":"2026-04-07T15:18:08","modified_gmt":"2026-04-07T15:18:08","slug":"lifting-seins","status":"publish","type":"product","link":"https:\/\/goutte-de-rosee.com\/fr\/produit\/lifting-seins\/","title":{"rendered":"Lifting seins"},"content":{"rendered":"<p>The breast lifting serum to promote breast growth with fenugreek is a natural formula designed to help increase breast volume and firmness. Enriched with fenugreek extract, the formula stimulates estrogen production. Contains nourishing oils and vitamins to maintain skin elasticity. Volume: 30 ml.<\/p>","protected":false},"excerpt":{"rendered":"<p>S\u00e9rum liftant pour la poitrine favorisant le galbe gr\u00e2ce \u00e0 l\u2019extrait de fenugrec<\/p>","protected":false},"featured_media":5078,"comment_status":"open","ping_status":"closed","template":"","meta":[],"product_brand":[],"product_cat":[103],"product_tag":[],"class_list":{"0":"post-4988","1":"product","2":"type-product","3":"status-publish","4":"has-post-thumbnail","6":"product_cat-body","7":"dc_vendor_shop-oryxbio","9":"first","10":"instock","11":"shipping-taxable","12":"purchasable","13":"product-type-simple"},"jetpack_sharing_enabled":true,"_links":{"self":[{"href":"https:\/\/goutte-de-rosee.com\/fr\/wp-json\/wp\/v2\/product\/4988","targetHints":{"allow":["GET"]}}],"collection":[{"href":"https:\/\/goutte-de-rosee.com\/fr\/wp-json\/wp\/v2\/product"}],"about":[{"href":"https:\/\/goutte-de-rosee.com\/fr\/wp-json\/wp\/v2\/types\/product"}],"replies":[{"embeddable":true,"href":"https:\/\/goutte-de-rosee.com\/fr\/wp-json\/wp\/v2\/comments?post=4988"}],"version-history":[{"count":1,"href":"https:\/\/goutte-de-rosee.com\/fr\/wp-json\/wp\/v2\/product\/4988\/revisions"}],"predecessor-version":[{"id":5186,"href":"https:\/\/goutte-de-rosee.com\/fr\/wp-json\/wp\/v2\/product\/4988\/revisions\/5186"}],"wp:featuredmedia":[{"embeddable":true,"href":"https:\/\/goutte-de-rosee.com\/fr\/wp-json\/wp\/v2\/media\/5078"}],"wp:attachment":[{"href":"https:\/\/goutte-de-rosee.com\/fr\/wp-json\/wp\/v2\/media?parent=4988"}],"wp:term":[{"taxonomy":"product_brand","embeddable":true,"href":"https:\/\/goutte-de-rosee.com\/fr\/wp-json\/wp\/v2\/product_brand?post=4988"},{"taxonomy":"product_cat","embeddable":true,"href":"https:\/\/goutte-de-rosee.com\/fr\/wp-json\/wp\/v2\/product_cat?post=4988"},{"taxonomy":"product_tag","embeddable":true,"href":"https:\/\/goutte-de-rosee.com\/fr\/wp-json\/wp\/v2\/product_tag?post=4988"}],"curies":[{"name":"wp","href":"https:\/\/api.w.org\/{rel}","templated":true}]}}