{"id":4994,"date":"2026-04-07T09:56:28","date_gmt":"2026-04-07T09:56:28","guid":{"rendered":"https:\/\/goutte-de-rosee.com\/product\/creme-hydratante-eclaircissante-anti-age-vitamin-c\/"},"modified":"2026-04-07T15:18:08","modified_gmt":"2026-04-07T15:18:08","slug":"creme-hydratante-eclaircissante-anti-age-vitamin-c","status":"publish","type":"product","link":"https:\/\/goutte-de-rosee.com\/fr\/produit\/creme-hydratante-eclaircissante-anti-age-vitamin-c\/","title":{"rendered":"VITAMIN C Moisturizing, Brightening &amp; Anti-Aging Cream"},"content":{"rendered":"<p>The moisturizing cream offers repairing properties and powerful anti-wrinkle care. Its brightening and anti-aging effects improve skin texture, illuminate the complexion and reduce brown spots. Volume: 50ml.<\/p>","protected":false},"excerpt":{"rendered":"<p>La cr\u00e8me hydratante VITAMIN C a un effet r\u00e9parateur et constitue un puissant soin anti-rides. Gr\u00e2ce \u00e0 son action \u00e9claircissante et anti-\u00e2ge, elle am\u00e9liore la texture de la peau.<\/p>","protected":false},"featured_media":5080,"comment_status":"open","ping_status":"closed","template":"","meta":[],"product_brand":[],"product_cat":[104,113,112,105],"product_tag":[],"class_list":{"0":"post-4994","1":"product","2":"type-product","3":"status-publish","4":"has-post-thumbnail","6":"product_cat-anti-acne","7":"product_cat-anti-dark-spots","8":"product_cat-anti-wrinkle","9":"product_cat-face","10":"dc_vendor_shop-oryxbio","12":"first","13":"instock","14":"shipping-taxable","15":"purchasable","16":"product-type-simple"},"jetpack_sharing_enabled":true,"_links":{"self":[{"href":"https:\/\/goutte-de-rosee.com\/fr\/wp-json\/wp\/v2\/product\/4994","targetHints":{"allow":["GET"]}}],"collection":[{"href":"https:\/\/goutte-de-rosee.com\/fr\/wp-json\/wp\/v2\/product"}],"about":[{"href":"https:\/\/goutte-de-rosee.com\/fr\/wp-json\/wp\/v2\/types\/product"}],"replies":[{"embeddable":true,"href":"https:\/\/goutte-de-rosee.com\/fr\/wp-json\/wp\/v2\/comments?post=4994"}],"version-history":[{"count":1,"href":"https:\/\/goutte-de-rosee.com\/fr\/wp-json\/wp\/v2\/product\/4994\/revisions"}],"predecessor-version":[{"id":5184,"href":"https:\/\/goutte-de-rosee.com\/fr\/wp-json\/wp\/v2\/product\/4994\/revisions\/5184"}],"wp:featuredmedia":[{"embeddable":true,"href":"https:\/\/goutte-de-rosee.com\/fr\/wp-json\/wp\/v2\/media\/5080"}],"wp:attachment":[{"href":"https:\/\/goutte-de-rosee.com\/fr\/wp-json\/wp\/v2\/media?parent=4994"}],"wp:term":[{"taxonomy":"product_brand","embeddable":true,"href":"https:\/\/goutte-de-rosee.com\/fr\/wp-json\/wp\/v2\/product_brand?post=4994"},{"taxonomy":"product_cat","embeddable":true,"href":"https:\/\/goutte-de-rosee.com\/fr\/wp-json\/wp\/v2\/product_cat?post=4994"},{"taxonomy":"product_tag","embeddable":true,"href":"https:\/\/goutte-de-rosee.com\/fr\/wp-json\/wp\/v2\/product_tag?post=4994"}],"curies":[{"name":"wp","href":"https:\/\/api.w.org\/{rel}","templated":true}]}}