{"id":4996,"date":"2026-04-07T09:56:30","date_gmt":"2026-04-07T09:56:30","guid":{"rendered":"https:\/\/goutte-de-rosee.com\/product\/digestea\/"},"modified":"2026-04-07T10:56:29","modified_gmt":"2026-04-07T10:56:29","slug":"digestea","status":"publish","type":"product","link":"https:\/\/goutte-de-rosee.com\/fr\/produit\/digestea\/","title":{"rendered":"DIGESTEA"},"content":{"rendered":"<p>Product containing natural plant-based ingredients including peppermint, chamomile, fennel, ginger, licorice, lemon balm, turmeric, artichoke, star anise and thyme.<\/p>","protected":false},"excerpt":{"rendered":"<p>DIGESTEA est un produit naturel \u00e0 base de plantes destin\u00e9 \u00e0 soulager les probl\u00e8mes de digestion et les ballonnements<\/p>","protected":false},"featured_media":5081,"comment_status":"open","ping_status":"closed","template":"","meta":[],"product_brand":[],"product_cat":[88],"product_tag":[],"class_list":{"0":"post-4996","1":"product","2":"type-product","3":"status-publish","4":"has-post-thumbnail","6":"product_cat-oryx-phyto","7":"dc_vendor_shop-oryxbio","9":"first","10":"instock","11":"shipping-taxable","12":"purchasable","13":"product-type-simple"},"jetpack_sharing_enabled":true,"_links":{"self":[{"href":"https:\/\/goutte-de-rosee.com\/fr\/wp-json\/wp\/v2\/product\/4996","targetHints":{"allow":["GET"]}}],"collection":[{"href":"https:\/\/goutte-de-rosee.com\/fr\/wp-json\/wp\/v2\/product"}],"about":[{"href":"https:\/\/goutte-de-rosee.com\/fr\/wp-json\/wp\/v2\/types\/product"}],"replies":[{"embeddable":true,"href":"https:\/\/goutte-de-rosee.com\/fr\/wp-json\/wp\/v2\/comments?post=4996"}],"version-history":[{"count":0,"href":"https:\/\/goutte-de-rosee.com\/fr\/wp-json\/wp\/v2\/product\/4996\/revisions"}],"wp:featuredmedia":[{"embeddable":true,"href":"https:\/\/goutte-de-rosee.com\/fr\/wp-json\/wp\/v2\/media\/5081"}],"wp:attachment":[{"href":"https:\/\/goutte-de-rosee.com\/fr\/wp-json\/wp\/v2\/media?parent=4996"}],"wp:term":[{"taxonomy":"product_brand","embeddable":true,"href":"https:\/\/goutte-de-rosee.com\/fr\/wp-json\/wp\/v2\/product_brand?post=4996"},{"taxonomy":"product_cat","embeddable":true,"href":"https:\/\/goutte-de-rosee.com\/fr\/wp-json\/wp\/v2\/product_cat?post=4996"},{"taxonomy":"product_tag","embeddable":true,"href":"https:\/\/goutte-de-rosee.com\/fr\/wp-json\/wp\/v2\/product_tag?post=4996"}],"curies":[{"name":"wp","href":"https:\/\/api.w.org\/{rel}","templated":true}]}}