{"id":4998,"date":"2026-04-07T09:56:32","date_gmt":"2026-04-07T09:56:32","guid":{"rendered":"https:\/\/goutte-de-rosee.com\/product\/eau-florale-de-rose-de-damas-bio\/"},"modified":"2026-04-07T15:18:08","modified_gmt":"2026-04-07T15:18:08","slug":"eau-florale-de-rose-de-damas-bio","status":"publish","type":"product","link":"https:\/\/goutte-de-rosee.com\/fr\/produit\/eau-florale-de-rose-de-damas-bio\/","title":{"rendered":"Eau florale de rose de Damas bio"},"content":{"rendered":"<p>Astringent and firming, ORYX BIO Damascus rose floral water is an essential ingredient for preventing and fighting signs of skin aging. 100% of total ingredients are from organic agriculture. 250ml<\/p>","protected":false},"excerpt":{"rendered":"<p>Astringente et raffermissante, l\u2019eau florale de rose de Damas purifie, rafra\u00eechit et adoucit la peau. Id\u00e9ale pour les peaux d\u00e9licates.<\/p>","protected":false},"featured_media":5082,"comment_status":"open","ping_status":"closed","template":"","meta":[],"product_brand":[],"product_cat":[115,114,116],"product_tag":[],"class_list":{"0":"post-4998","1":"product","2":"type-product","3":"status-publish","4":"has-post-thumbnail","6":"product_cat-hydrosols","7":"product_cat-oils-hydrosols","8":"product_cat-toners","9":"dc_vendor_shop-oryxbio","11":"first","12":"instock","13":"shipping-taxable","14":"purchasable","15":"product-type-simple"},"jetpack_sharing_enabled":true,"_links":{"self":[{"href":"https:\/\/goutte-de-rosee.com\/fr\/wp-json\/wp\/v2\/product\/4998","targetHints":{"allow":["GET"]}}],"collection":[{"href":"https:\/\/goutte-de-rosee.com\/fr\/wp-json\/wp\/v2\/product"}],"about":[{"href":"https:\/\/goutte-de-rosee.com\/fr\/wp-json\/wp\/v2\/types\/product"}],"replies":[{"embeddable":true,"href":"https:\/\/goutte-de-rosee.com\/fr\/wp-json\/wp\/v2\/comments?post=4998"}],"version-history":[{"count":1,"href":"https:\/\/goutte-de-rosee.com\/fr\/wp-json\/wp\/v2\/product\/4998\/revisions"}],"predecessor-version":[{"id":5183,"href":"https:\/\/goutte-de-rosee.com\/fr\/wp-json\/wp\/v2\/product\/4998\/revisions\/5183"}],"wp:featuredmedia":[{"embeddable":true,"href":"https:\/\/goutte-de-rosee.com\/fr\/wp-json\/wp\/v2\/media\/5082"}],"wp:attachment":[{"href":"https:\/\/goutte-de-rosee.com\/fr\/wp-json\/wp\/v2\/media?parent=4998"}],"wp:term":[{"taxonomy":"product_brand","embeddable":true,"href":"https:\/\/goutte-de-rosee.com\/fr\/wp-json\/wp\/v2\/product_brand?post=4998"},{"taxonomy":"product_cat","embeddable":true,"href":"https:\/\/goutte-de-rosee.com\/fr\/wp-json\/wp\/v2\/product_cat?post=4998"},{"taxonomy":"product_tag","embeddable":true,"href":"https:\/\/goutte-de-rosee.com\/fr\/wp-json\/wp\/v2\/product_tag?post=4998"}],"curies":[{"name":"wp","href":"https:\/\/api.w.org\/{rel}","templated":true}]}}