{"id":5000,"date":"2026-04-07T09:56:34","date_gmt":"2026-04-07T09:56:34","guid":{"rendered":"https:\/\/goutte-de-rosee.com\/product\/ecran-solaire-peaux-normales-spf-50-invisible\/"},"modified":"2026-04-07T15:18:08","modified_gmt":"2026-04-07T15:18:08","slug":"ecran-solaire-peaux-normales-spf-50-invisible","status":"publish","type":"product","link":"https:\/\/goutte-de-rosee.com\/fr\/produit\/ecran-solaire-peaux-normales-spf-50-invisible\/","title":{"rendered":"\u00c9cran solaire peaux normales SPF 50+ invisible"},"content":{"rendered":"<p>Natural sunscreen without harmful chemicals, enriched with hyaluronic acid and elastin that firm the skin and fight wrinkles. Rich in vitamins, especially vitamin C.<\/p>","protected":false},"excerpt":{"rendered":"<p>\u00c9cran solaire ANTI-\u00c2GE SPF 50+ haute protection naturelle 100 % min\u00e9rale<\/p>","protected":false},"featured_media":5083,"comment_status":"open","ping_status":"closed","template":"","meta":[],"product_brand":[],"product_cat":[113,105,117],"product_tag":[],"class_list":{"0":"post-5000","1":"product","2":"type-product","3":"status-publish","4":"has-post-thumbnail","6":"product_cat-anti-dark-spots","7":"product_cat-face","8":"product_cat-sunscreen","9":"dc_vendor_shop-oryxbio","11":"first","12":"instock","13":"shipping-taxable","14":"purchasable","15":"product-type-simple"},"jetpack_sharing_enabled":true,"_links":{"self":[{"href":"https:\/\/goutte-de-rosee.com\/fr\/wp-json\/wp\/v2\/product\/5000","targetHints":{"allow":["GET"]}}],"collection":[{"href":"https:\/\/goutte-de-rosee.com\/fr\/wp-json\/wp\/v2\/product"}],"about":[{"href":"https:\/\/goutte-de-rosee.com\/fr\/wp-json\/wp\/v2\/types\/product"}],"replies":[{"embeddable":true,"href":"https:\/\/goutte-de-rosee.com\/fr\/wp-json\/wp\/v2\/comments?post=5000"}],"version-history":[{"count":1,"href":"https:\/\/goutte-de-rosee.com\/fr\/wp-json\/wp\/v2\/product\/5000\/revisions"}],"predecessor-version":[{"id":5182,"href":"https:\/\/goutte-de-rosee.com\/fr\/wp-json\/wp\/v2\/product\/5000\/revisions\/5182"}],"wp:featuredmedia":[{"embeddable":true,"href":"https:\/\/goutte-de-rosee.com\/fr\/wp-json\/wp\/v2\/media\/5083"}],"wp:attachment":[{"href":"https:\/\/goutte-de-rosee.com\/fr\/wp-json\/wp\/v2\/media?parent=5000"}],"wp:term":[{"taxonomy":"product_brand","embeddable":true,"href":"https:\/\/goutte-de-rosee.com\/fr\/wp-json\/wp\/v2\/product_brand?post=5000"},{"taxonomy":"product_cat","embeddable":true,"href":"https:\/\/goutte-de-rosee.com\/fr\/wp-json\/wp\/v2\/product_cat?post=5000"},{"taxonomy":"product_tag","embeddable":true,"href":"https:\/\/goutte-de-rosee.com\/fr\/wp-json\/wp\/v2\/product_tag?post=5000"}],"curies":[{"name":"wp","href":"https:\/\/api.w.org\/{rel}","templated":true}]}}