{"id":5004,"date":"2026-04-07T09:56:37","date_gmt":"2026-04-07T09:56:37","guid":{"rendered":"https:\/\/goutte-de-rosee.com\/product\/huile-de-coco\/"},"modified":"2026-04-07T15:18:08","modified_gmt":"2026-04-07T15:18:08","slug":"huile-de-coco","status":"publish","type":"product","link":"https:\/\/goutte-de-rosee.com\/fr\/produit\/huile-de-coco\/","title":{"rendered":"Huile de coco"},"content":{"rendered":"<p>This oil is appreciated for its protective, softening and emollient properties. Cold pressed. 100% pure and natural. Origin: Sri Lanka. Volume: 100 gr.<\/p>","protected":false},"excerpt":{"rendered":"<p>Huile v\u00e9g\u00e9tale de coco pure et naturelle, premi\u00e8re pression \u00e0 froid<\/p>","protected":false},"featured_media":5085,"comment_status":"open","ping_status":"closed","template":"","meta":[],"product_brand":[],"product_cat":[103,107,118],"product_tag":[],"class_list":{"0":"post-5004","1":"product","2":"type-product","3":"status-publish","4":"has-post-thumbnail","6":"product_cat-body","7":"product_cat-hair","8":"product_cat-styling-products","9":"dc_vendor_shop-oryxbio","11":"first","12":"instock","13":"shipping-taxable","14":"purchasable","15":"product-type-simple"},"jetpack_sharing_enabled":true,"_links":{"self":[{"href":"https:\/\/goutte-de-rosee.com\/fr\/wp-json\/wp\/v2\/product\/5004","targetHints":{"allow":["GET"]}}],"collection":[{"href":"https:\/\/goutte-de-rosee.com\/fr\/wp-json\/wp\/v2\/product"}],"about":[{"href":"https:\/\/goutte-de-rosee.com\/fr\/wp-json\/wp\/v2\/types\/product"}],"replies":[{"embeddable":true,"href":"https:\/\/goutte-de-rosee.com\/fr\/wp-json\/wp\/v2\/comments?post=5004"}],"version-history":[{"count":1,"href":"https:\/\/goutte-de-rosee.com\/fr\/wp-json\/wp\/v2\/product\/5004\/revisions"}],"predecessor-version":[{"id":5180,"href":"https:\/\/goutte-de-rosee.com\/fr\/wp-json\/wp\/v2\/product\/5004\/revisions\/5180"}],"wp:featuredmedia":[{"embeddable":true,"href":"https:\/\/goutte-de-rosee.com\/fr\/wp-json\/wp\/v2\/media\/5085"}],"wp:attachment":[{"href":"https:\/\/goutte-de-rosee.com\/fr\/wp-json\/wp\/v2\/media?parent=5004"}],"wp:term":[{"taxonomy":"product_brand","embeddable":true,"href":"https:\/\/goutte-de-rosee.com\/fr\/wp-json\/wp\/v2\/product_brand?post=5004"},{"taxonomy":"product_cat","embeddable":true,"href":"https:\/\/goutte-de-rosee.com\/fr\/wp-json\/wp\/v2\/product_cat?post=5004"},{"taxonomy":"product_tag","embeddable":true,"href":"https:\/\/goutte-de-rosee.com\/fr\/wp-json\/wp\/v2\/product_tag?post=5004"}],"curies":[{"name":"wp","href":"https:\/\/api.w.org\/{rel}","templated":true}]}}