{"id":5012,"date":"2026-04-07T09:56:45","date_gmt":"2026-04-07T09:56:45","guid":{"rendered":"https:\/\/goutte-de-rosee.com\/product\/huile-vegetale-de-pepins-de-figue-de-barbarie\/"},"modified":"2026-04-07T15:18:07","modified_gmt":"2026-04-07T15:18:07","slug":"huile-vegetale-de-pepins-de-figue-de-barbarie","status":"publish","type":"product","link":"https:\/\/goutte-de-rosee.com\/fr\/produit\/huile-vegetale-de-pepins-de-figue-de-barbarie\/","title":{"rendered":"Huile v\u00e9g\u00e9tale de p\u00e9pins de figue de Barbarie"},"content":{"rendered":"<p>100% pure serum with formidable effectiveness, reducing wrinkles and smoothing eye contours. Restructuring and nourishing. Volume: 15ml.<\/p>","protected":false},"excerpt":{"rendered":"<p>L\u2019huile de p\u00e9pins de figue de Barbarie est une huile pr\u00e9cieuse, rare et incroyablement efficace contre les rides.<\/p>","protected":false},"featured_media":5089,"comment_status":"open","ping_status":"closed","template":"","meta":[],"product_brand":[],"product_cat":[113,112,121,114],"product_tag":[],"class_list":{"0":"post-5012","1":"product","2":"type-product","3":"status-publish","4":"has-post-thumbnail","6":"product_cat-anti-dark-spots","7":"product_cat-anti-wrinkle","8":"product_cat-oils","9":"product_cat-oils-hydrosols","10":"dc_vendor_shop-oryxbio","12":"first","13":"instock","14":"shipping-taxable","15":"purchasable","16":"product-type-simple"},"jetpack_sharing_enabled":true,"_links":{"self":[{"href":"https:\/\/goutte-de-rosee.com\/fr\/wp-json\/wp\/v2\/product\/5012","targetHints":{"allow":["GET"]}}],"collection":[{"href":"https:\/\/goutte-de-rosee.com\/fr\/wp-json\/wp\/v2\/product"}],"about":[{"href":"https:\/\/goutte-de-rosee.com\/fr\/wp-json\/wp\/v2\/types\/product"}],"replies":[{"embeddable":true,"href":"https:\/\/goutte-de-rosee.com\/fr\/wp-json\/wp\/v2\/comments?post=5012"}],"version-history":[{"count":1,"href":"https:\/\/goutte-de-rosee.com\/fr\/wp-json\/wp\/v2\/product\/5012\/revisions"}],"predecessor-version":[{"id":5176,"href":"https:\/\/goutte-de-rosee.com\/fr\/wp-json\/wp\/v2\/product\/5012\/revisions\/5176"}],"wp:featuredmedia":[{"embeddable":true,"href":"https:\/\/goutte-de-rosee.com\/fr\/wp-json\/wp\/v2\/media\/5089"}],"wp:attachment":[{"href":"https:\/\/goutte-de-rosee.com\/fr\/wp-json\/wp\/v2\/media?parent=5012"}],"wp:term":[{"taxonomy":"product_brand","embeddable":true,"href":"https:\/\/goutte-de-rosee.com\/fr\/wp-json\/wp\/v2\/product_brand?post=5012"},{"taxonomy":"product_cat","embeddable":true,"href":"https:\/\/goutte-de-rosee.com\/fr\/wp-json\/wp\/v2\/product_cat?post=5012"},{"taxonomy":"product_tag","embeddable":true,"href":"https:\/\/goutte-de-rosee.com\/fr\/wp-json\/wp\/v2\/product_tag?post=5012"}],"curies":[{"name":"wp","href":"https:\/\/api.w.org\/{rel}","templated":true}]}}