{"id":5016,"date":"2026-04-07T09:56:48","date_gmt":"2026-04-07T09:56:48","guid":{"rendered":"https:\/\/goutte-de-rosee.com\/product\/hydrolat-dortie\/"},"modified":"2026-04-07T15:18:07","modified_gmt":"2026-04-07T15:18:07","slug":"hydrolat-dortie","status":"publish","type":"product","link":"https:\/\/goutte-de-rosee.com\/fr\/produit\/hydrolat-dortie\/","title":{"rendered":"Hydrolat d'ortie"},"content":{"rendered":"<p>ORYX BIO nettle hydrosol 100% pure and natural. Ideal for oily hair, irritated scalp and for acne-prone oily skin.<\/p>","protected":false},"excerpt":{"rendered":"<p>Hydrolat d\u2019ortie 100 % pur et naturel. Id\u00e9al pour les cheveux gras et les peaux grasses \u00e0 tendance acn\u00e9ique.<\/p>","protected":false},"featured_media":5091,"comment_status":"open","ping_status":"closed","template":"","meta":[],"product_brand":[],"product_cat":[119,120,107,115,114,122],"product_tag":[],"class_list":{"0":"post-5016","1":"product","2":"type-product","3":"status-publish","4":"has-post-thumbnail","6":"product_cat-anti-dandruff","7":"product_cat-anti-hair-loss-regrowth","8":"product_cat-hair","9":"product_cat-hydrosols","10":"product_cat-oils-hydrosols","11":"product_cat-oily-hair","12":"dc_vendor_shop-oryxbio","14":"first","15":"instock","16":"shipping-taxable","17":"purchasable","18":"product-type-simple"},"jetpack_sharing_enabled":true,"_links":{"self":[{"href":"https:\/\/goutte-de-rosee.com\/fr\/wp-json\/wp\/v2\/product\/5016","targetHints":{"allow":["GET"]}}],"collection":[{"href":"https:\/\/goutte-de-rosee.com\/fr\/wp-json\/wp\/v2\/product"}],"about":[{"href":"https:\/\/goutte-de-rosee.com\/fr\/wp-json\/wp\/v2\/types\/product"}],"replies":[{"embeddable":true,"href":"https:\/\/goutte-de-rosee.com\/fr\/wp-json\/wp\/v2\/comments?post=5016"}],"version-history":[{"count":1,"href":"https:\/\/goutte-de-rosee.com\/fr\/wp-json\/wp\/v2\/product\/5016\/revisions"}],"predecessor-version":[{"id":5174,"href":"https:\/\/goutte-de-rosee.com\/fr\/wp-json\/wp\/v2\/product\/5016\/revisions\/5174"}],"wp:featuredmedia":[{"embeddable":true,"href":"https:\/\/goutte-de-rosee.com\/fr\/wp-json\/wp\/v2\/media\/5091"}],"wp:attachment":[{"href":"https:\/\/goutte-de-rosee.com\/fr\/wp-json\/wp\/v2\/media?parent=5016"}],"wp:term":[{"taxonomy":"product_brand","embeddable":true,"href":"https:\/\/goutte-de-rosee.com\/fr\/wp-json\/wp\/v2\/product_brand?post=5016"},{"taxonomy":"product_cat","embeddable":true,"href":"https:\/\/goutte-de-rosee.com\/fr\/wp-json\/wp\/v2\/product_cat?post=5016"},{"taxonomy":"product_tag","embeddable":true,"href":"https:\/\/goutte-de-rosee.com\/fr\/wp-json\/wp\/v2\/product_tag?post=5016"}],"curies":[{"name":"wp","href":"https:\/\/api.w.org\/{rel}","templated":true}]}}