{"id":5030,"date":"2026-04-07T09:57:01","date_gmt":"2026-04-07T09:57:01","guid":{"rendered":"https:\/\/goutte-de-rosee.com\/product\/mousse-nettoyante-eclat\/"},"modified":"2026-04-07T15:18:07","modified_gmt":"2026-04-07T15:18:07","slug":"mousse-nettoyante-eclat","status":"publish","type":"product","link":"https:\/\/goutte-de-rosee.com\/fr\/produit\/mousse-nettoyante-eclat\/","title":{"rendered":"Mousse nettoyante ECLAT+"},"content":{"rendered":"<p>Brightening and anti-dark spot \u00c9clat+ foam with generous texture. Three actions: cleanse, remove makeup and exfoliate. Recommended for all skin types. Volume: 200ML<\/p>","protected":false},"excerpt":{"rendered":"<p>Mousse \u00e9claircissante et anti-taches pour nettoyer, d\u00e9maquiller et exfolier en une seule \u00e9tape.<\/p>","protected":false},"featured_media":5098,"comment_status":"open","ping_status":"closed","template":"","meta":[],"product_brand":[],"product_cat":[125],"product_tag":[],"class_list":{"0":"post-5030","1":"product","2":"type-product","3":"status-publish","4":"has-post-thumbnail","6":"product_cat-cleansers","7":"dc_vendor_shop-oryxbio","9":"first","10":"instock","11":"shipping-taxable","12":"purchasable","13":"product-type-simple"},"jetpack_sharing_enabled":true,"_links":{"self":[{"href":"https:\/\/goutte-de-rosee.com\/fr\/wp-json\/wp\/v2\/product\/5030","targetHints":{"allow":["GET"]}}],"collection":[{"href":"https:\/\/goutte-de-rosee.com\/fr\/wp-json\/wp\/v2\/product"}],"about":[{"href":"https:\/\/goutte-de-rosee.com\/fr\/wp-json\/wp\/v2\/types\/product"}],"replies":[{"embeddable":true,"href":"https:\/\/goutte-de-rosee.com\/fr\/wp-json\/wp\/v2\/comments?post=5030"}],"version-history":[{"count":1,"href":"https:\/\/goutte-de-rosee.com\/fr\/wp-json\/wp\/v2\/product\/5030\/revisions"}],"predecessor-version":[{"id":5167,"href":"https:\/\/goutte-de-rosee.com\/fr\/wp-json\/wp\/v2\/product\/5030\/revisions\/5167"}],"wp:featuredmedia":[{"embeddable":true,"href":"https:\/\/goutte-de-rosee.com\/fr\/wp-json\/wp\/v2\/media\/5098"}],"wp:attachment":[{"href":"https:\/\/goutte-de-rosee.com\/fr\/wp-json\/wp\/v2\/media?parent=5030"}],"wp:term":[{"taxonomy":"product_brand","embeddable":true,"href":"https:\/\/goutte-de-rosee.com\/fr\/wp-json\/wp\/v2\/product_brand?post=5030"},{"taxonomy":"product_cat","embeddable":true,"href":"https:\/\/goutte-de-rosee.com\/fr\/wp-json\/wp\/v2\/product_cat?post=5030"},{"taxonomy":"product_tag","embeddable":true,"href":"https:\/\/goutte-de-rosee.com\/fr\/wp-json\/wp\/v2\/product_tag?post=5030"}],"curies":[{"name":"wp","href":"https:\/\/api.w.org\/{rel}","templated":true}]}}