{"id":5042,"date":"2026-04-07T09:57:11","date_gmt":"2026-04-07T09:57:11","guid":{"rendered":"https:\/\/goutte-de-rosee.com\/product\/mycostop\/"},"modified":"2026-04-07T10:56:31","modified_gmt":"2026-04-07T10:56:31","slug":"mycostop","status":"publish","type":"product","link":"https:\/\/goutte-de-rosee.com\/fr\/produit\/mycostop\/","title":{"rendered":"Mycostop"},"content":{"rendered":"<p>Le s\u00e9rum Mycostop est un concentr\u00e9 de 12 plantes puissantes aux propri\u00e9t\u00e9s antifongiques, nourrissantes, r\u00e9paratrices et revitalisantes pour traiter les mycoses des ongles.<\/p>","protected":false},"excerpt":{"rendered":"<p>Concentr\u00e9 de 12 plantes antifongiques puissantes pour un traitement efficace des mycoses de l\u2019ongle<\/p>","protected":false},"featured_media":5104,"comment_status":"open","ping_status":"closed","template":"","meta":[],"product_brand":[],"product_cat":[103],"product_tag":[],"class_list":{"0":"post-5042","1":"product","2":"type-product","3":"status-publish","4":"has-post-thumbnail","6":"product_cat-body","7":"dc_vendor_shop-oryxbio","9":"first","10":"instock","11":"shipping-taxable","12":"purchasable","13":"product-type-simple"},"jetpack_sharing_enabled":true,"_links":{"self":[{"href":"https:\/\/goutte-de-rosee.com\/fr\/wp-json\/wp\/v2\/product\/5042","targetHints":{"allow":["GET"]}}],"collection":[{"href":"https:\/\/goutte-de-rosee.com\/fr\/wp-json\/wp\/v2\/product"}],"about":[{"href":"https:\/\/goutte-de-rosee.com\/fr\/wp-json\/wp\/v2\/types\/product"}],"replies":[{"embeddable":true,"href":"https:\/\/goutte-de-rosee.com\/fr\/wp-json\/wp\/v2\/comments?post=5042"}],"version-history":[{"count":0,"href":"https:\/\/goutte-de-rosee.com\/fr\/wp-json\/wp\/v2\/product\/5042\/revisions"}],"wp:featuredmedia":[{"embeddable":true,"href":"https:\/\/goutte-de-rosee.com\/fr\/wp-json\/wp\/v2\/media\/5104"}],"wp:attachment":[{"href":"https:\/\/goutte-de-rosee.com\/fr\/wp-json\/wp\/v2\/media?parent=5042"}],"wp:term":[{"taxonomy":"product_brand","embeddable":true,"href":"https:\/\/goutte-de-rosee.com\/fr\/wp-json\/wp\/v2\/product_brand?post=5042"},{"taxonomy":"product_cat","embeddable":true,"href":"https:\/\/goutte-de-rosee.com\/fr\/wp-json\/wp\/v2\/product_cat?post=5042"},{"taxonomy":"product_tag","embeddable":true,"href":"https:\/\/goutte-de-rosee.com\/fr\/wp-json\/wp\/v2\/product_tag?post=5042"}],"curies":[{"name":"wp","href":"https:\/\/api.w.org\/{rel}","templated":true}]}}