{"id":5058,"date":"2026-04-07T09:57:25","date_gmt":"2026-04-07T09:57:25","guid":{"rendered":"https:\/\/goutte-de-rosee.com\/product\/serum-regenerant\/"},"modified":"2026-04-07T15:18:06","modified_gmt":"2026-04-07T15:18:06","slug":"serum-regenerant","status":"publish","type":"product","link":"https:\/\/goutte-de-rosee.com\/fr\/produit\/serum-regenerant\/","title":{"rendered":"S\u00e9rum r\u00e9g\u00e9n\u00e9rant"},"content":{"rendered":"<p>S\u00e9rum anti-rides \u00e0 l'acide hyaluronique et \u00e0 l'huile essentielle d'encens pour une hydratation intense, un lissage des rides et une peau plus ferme.<\/p>","protected":false},"excerpt":{"rendered":"<p>S\u00e9rum lifting instantan\u00e9 \u2013 Acide hyaluronique.<\/p>","protected":false},"featured_media":5109,"comment_status":"open","ping_status":"closed","template":"","meta":[],"product_brand":[],"product_cat":[112],"product_tag":[],"class_list":{"0":"post-5058","1":"product","2":"type-product","3":"status-publish","4":"has-post-thumbnail","6":"product_cat-anti-wrinkle","7":"dc_vendor_shop-oryxbio","9":"first","10":"instock","11":"shipping-taxable","12":"purchasable","13":"product-type-simple"},"jetpack_sharing_enabled":true,"_links":{"self":[{"href":"https:\/\/goutte-de-rosee.com\/fr\/wp-json\/wp\/v2\/product\/5058","targetHints":{"allow":["GET"]}}],"collection":[{"href":"https:\/\/goutte-de-rosee.com\/fr\/wp-json\/wp\/v2\/product"}],"about":[{"href":"https:\/\/goutte-de-rosee.com\/fr\/wp-json\/wp\/v2\/types\/product"}],"replies":[{"embeddable":true,"href":"https:\/\/goutte-de-rosee.com\/fr\/wp-json\/wp\/v2\/comments?post=5058"}],"version-history":[{"count":1,"href":"https:\/\/goutte-de-rosee.com\/fr\/wp-json\/wp\/v2\/product\/5058\/revisions"}],"predecessor-version":[{"id":5157,"href":"https:\/\/goutte-de-rosee.com\/fr\/wp-json\/wp\/v2\/product\/5058\/revisions\/5157"}],"wp:featuredmedia":[{"embeddable":true,"href":"https:\/\/goutte-de-rosee.com\/fr\/wp-json\/wp\/v2\/media\/5109"}],"wp:attachment":[{"href":"https:\/\/goutte-de-rosee.com\/fr\/wp-json\/wp\/v2\/media?parent=5058"}],"wp:term":[{"taxonomy":"product_brand","embeddable":true,"href":"https:\/\/goutte-de-rosee.com\/fr\/wp-json\/wp\/v2\/product_brand?post=5058"},{"taxonomy":"product_cat","embeddable":true,"href":"https:\/\/goutte-de-rosee.com\/fr\/wp-json\/wp\/v2\/product_cat?post=5058"},{"taxonomy":"product_tag","embeddable":true,"href":"https:\/\/goutte-de-rosee.com\/fr\/wp-json\/wp\/v2\/product_tag?post=5058"}],"curies":[{"name":"wp","href":"https:\/\/api.w.org\/{rel}","templated":true}]}}