{"id":5060,"date":"2026-04-07T09:57:27","date_gmt":"2026-04-07T09:57:27","guid":{"rendered":"https:\/\/goutte-de-rosee.com\/product\/serum-vitamin-c\/"},"modified":"2026-04-07T15:18:06","modified_gmt":"2026-04-07T15:18:06","slug":"serum-vitamin-c","status":"publish","type":"product","link":"https:\/\/goutte-de-rosee.com\/fr\/produit\/serum-vitamin-c\/","title":{"rendered":"S\u00e9rum Vitamine C"},"content":{"rendered":"<p>Le s\u00e9rum VITAMIN C \u00e9claircissant, antioxydant et r\u00e9g\u00e9n\u00e9rant prot\u00e8ge la peau des radicaux libres et stimule le renouvellement cellulaire. La vitamine C r\u00e9duit l'oxydation de la m\u00e9lanine. Volume : 30 ml.<\/p>","protected":false},"excerpt":{"rendered":"<p>Prot\u00e8ge la peau des radicaux libres et pr\u00e9vient le vieillissement cutan\u00e9.<\/p>","protected":false},"featured_media":5110,"comment_status":"open","ping_status":"closed","template":"","meta":[],"product_brand":[],"product_cat":[113,112,105],"product_tag":[],"class_list":{"0":"post-5060","1":"product","2":"type-product","3":"status-publish","4":"has-post-thumbnail","6":"product_cat-anti-dark-spots","7":"product_cat-anti-wrinkle","8":"product_cat-face","9":"dc_vendor_shop-oryxbio","11":"first","12":"instock","13":"shipping-taxable","14":"purchasable","15":"product-type-simple"},"jetpack_sharing_enabled":true,"_links":{"self":[{"href":"https:\/\/goutte-de-rosee.com\/fr\/wp-json\/wp\/v2\/product\/5060","targetHints":{"allow":["GET"]}}],"collection":[{"href":"https:\/\/goutte-de-rosee.com\/fr\/wp-json\/wp\/v2\/product"}],"about":[{"href":"https:\/\/goutte-de-rosee.com\/fr\/wp-json\/wp\/v2\/types\/product"}],"replies":[{"embeddable":true,"href":"https:\/\/goutte-de-rosee.com\/fr\/wp-json\/wp\/v2\/comments?post=5060"}],"version-history":[{"count":1,"href":"https:\/\/goutte-de-rosee.com\/fr\/wp-json\/wp\/v2\/product\/5060\/revisions"}],"predecessor-version":[{"id":5156,"href":"https:\/\/goutte-de-rosee.com\/fr\/wp-json\/wp\/v2\/product\/5060\/revisions\/5156"}],"wp:featuredmedia":[{"embeddable":true,"href":"https:\/\/goutte-de-rosee.com\/fr\/wp-json\/wp\/v2\/media\/5110"}],"wp:attachment":[{"href":"https:\/\/goutte-de-rosee.com\/fr\/wp-json\/wp\/v2\/media?parent=5060"}],"wp:term":[{"taxonomy":"product_brand","embeddable":true,"href":"https:\/\/goutte-de-rosee.com\/fr\/wp-json\/wp\/v2\/product_brand?post=5060"},{"taxonomy":"product_cat","embeddable":true,"href":"https:\/\/goutte-de-rosee.com\/fr\/wp-json\/wp\/v2\/product_cat?post=5060"},{"taxonomy":"product_tag","embeddable":true,"href":"https:\/\/goutte-de-rosee.com\/fr\/wp-json\/wp\/v2\/product_tag?post=5060"}],"curies":[{"name":"wp","href":"https:\/\/api.w.org\/{rel}","templated":true}]}}