{"id":5062,"date":"2026-04-07T09:57:29","date_gmt":"2026-04-07T09:57:29","guid":{"rendered":"https:\/\/goutte-de-rosee.com\/product\/shampoing-ultra-liss\/"},"modified":"2026-04-07T15:18:06","modified_gmt":"2026-04-07T15:18:06","slug":"shampoing-ultra-liss","status":"publish","type":"product","link":"https:\/\/goutte-de-rosee.com\/fr\/produit\/shampoing-ultra-liss\/","title":{"rendered":"Shampoing Ultra Liss"},"content":{"rendered":"<p>Shampooing \u00e0 la phytok\u00e9ratine et \u00e0 l'huile d'argan. Sans parab\u00e8ne ni silicone. Volume : 250 ml.<\/p>","protected":false},"excerpt":{"rendered":"<p>Shampooing doux \u00e0 la phytok\u00e9ratine et \u00e0 l'huile d'argan pour cheveux secs et indisciplin\u00e9s.<\/p>","protected":false},"featured_media":5111,"comment_status":"open","ping_status":"closed","template":"","meta":[],"product_brand":[],"product_cat":[124,126],"product_tag":[],"class_list":{"0":"post-5062","1":"product","2":"type-product","3":"status-publish","4":"has-post-thumbnail","6":"product_cat-dry-damaged-hair","7":"product_cat-shampoo-conditioner","8":"dc_vendor_shop-oryxbio","10":"first","11":"instock","12":"shipping-taxable","13":"purchasable","14":"product-type-simple"},"jetpack_sharing_enabled":true,"_links":{"self":[{"href":"https:\/\/goutte-de-rosee.com\/fr\/wp-json\/wp\/v2\/product\/5062","targetHints":{"allow":["GET"]}}],"collection":[{"href":"https:\/\/goutte-de-rosee.com\/fr\/wp-json\/wp\/v2\/product"}],"about":[{"href":"https:\/\/goutte-de-rosee.com\/fr\/wp-json\/wp\/v2\/types\/product"}],"replies":[{"embeddable":true,"href":"https:\/\/goutte-de-rosee.com\/fr\/wp-json\/wp\/v2\/comments?post=5062"}],"version-history":[{"count":1,"href":"https:\/\/goutte-de-rosee.com\/fr\/wp-json\/wp\/v2\/product\/5062\/revisions"}],"predecessor-version":[{"id":5155,"href":"https:\/\/goutte-de-rosee.com\/fr\/wp-json\/wp\/v2\/product\/5062\/revisions\/5155"}],"wp:featuredmedia":[{"embeddable":true,"href":"https:\/\/goutte-de-rosee.com\/fr\/wp-json\/wp\/v2\/media\/5111"}],"wp:attachment":[{"href":"https:\/\/goutte-de-rosee.com\/fr\/wp-json\/wp\/v2\/media?parent=5062"}],"wp:term":[{"taxonomy":"product_brand","embeddable":true,"href":"https:\/\/goutte-de-rosee.com\/fr\/wp-json\/wp\/v2\/product_brand?post=5062"},{"taxonomy":"product_cat","embeddable":true,"href":"https:\/\/goutte-de-rosee.com\/fr\/wp-json\/wp\/v2\/product_cat?post=5062"},{"taxonomy":"product_tag","embeddable":true,"href":"https:\/\/goutte-de-rosee.com\/fr\/wp-json\/wp\/v2\/product_tag?post=5062"}],"curies":[{"name":"wp","href":"https:\/\/api.w.org\/{rel}","templated":true}]}}