{"id":5066,"date":"2026-04-07T09:57:32","date_gmt":"2026-04-07T09:57:32","guid":{"rendered":"https:\/\/goutte-de-rosee.com\/product\/tisane-brule-graisse\/"},"modified":"2026-04-07T15:18:06","modified_gmt":"2026-04-07T15:18:06","slug":"tisane-brule-graisse","status":"publish","type":"product","link":"https:\/\/goutte-de-rosee.com\/fr\/produit\/tisane-brule-graisse\/","title":{"rendered":"Tisane br\u00fble-graisse"},"content":{"rendered":"<p>Tisane formul\u00e9e \u00e0 base de plantes enti\u00e8rement naturelles, elle contribue \u00e0 la perte de poids et favorise l'\u00e9limination des toxines.<\/p>","protected":false},"excerpt":{"rendered":"<p>ORYX PHYTO herbal tea contributes to weight loss by increasing the body&#8217;s ability to burn fat<\/p>","protected":false},"featured_media":5113,"comment_status":"open","ping_status":"closed","template":"","meta":[],"product_brand":[],"product_cat":[88],"product_tag":[],"class_list":{"0":"post-5066","1":"product","2":"type-product","3":"status-publish","4":"has-post-thumbnail","6":"product_cat-oryx-phyto","7":"dc_vendor_shop-oryxbio","9":"first","10":"instock","11":"shipping-taxable","12":"purchasable","13":"product-type-simple"},"jetpack_sharing_enabled":true,"_links":{"self":[{"href":"https:\/\/goutte-de-rosee.com\/fr\/wp-json\/wp\/v2\/product\/5066","targetHints":{"allow":["GET"]}}],"collection":[{"href":"https:\/\/goutte-de-rosee.com\/fr\/wp-json\/wp\/v2\/product"}],"about":[{"href":"https:\/\/goutte-de-rosee.com\/fr\/wp-json\/wp\/v2\/types\/product"}],"replies":[{"embeddable":true,"href":"https:\/\/goutte-de-rosee.com\/fr\/wp-json\/wp\/v2\/comments?post=5066"}],"version-history":[{"count":1,"href":"https:\/\/goutte-de-rosee.com\/fr\/wp-json\/wp\/v2\/product\/5066\/revisions"}],"predecessor-version":[{"id":5153,"href":"https:\/\/goutte-de-rosee.com\/fr\/wp-json\/wp\/v2\/product\/5066\/revisions\/5153"}],"wp:featuredmedia":[{"embeddable":true,"href":"https:\/\/goutte-de-rosee.com\/fr\/wp-json\/wp\/v2\/media\/5113"}],"wp:attachment":[{"href":"https:\/\/goutte-de-rosee.com\/fr\/wp-json\/wp\/v2\/media?parent=5066"}],"wp:term":[{"taxonomy":"product_brand","embeddable":true,"href":"https:\/\/goutte-de-rosee.com\/fr\/wp-json\/wp\/v2\/product_brand?post=5066"},{"taxonomy":"product_cat","embeddable":true,"href":"https:\/\/goutte-de-rosee.com\/fr\/wp-json\/wp\/v2\/product_cat?post=5066"},{"taxonomy":"product_tag","embeddable":true,"href":"https:\/\/goutte-de-rosee.com\/fr\/wp-json\/wp\/v2\/product_tag?post=5066"}],"curies":[{"name":"wp","href":"https:\/\/api.w.org\/{rel}","templated":true}]}}