{"id":5068,"date":"2026-04-07T09:57:34","date_gmt":"2026-04-07T09:57:34","guid":{"rendered":"https:\/\/goutte-de-rosee.com\/product\/tonique-white-effect\/"},"modified":"2026-04-07T15:18:06","modified_gmt":"2026-04-07T15:18:06","slug":"tonique-white-effect","status":"publish","type":"product","link":"https:\/\/goutte-de-rosee.com\/fr\/produit\/tonique-white-effect\/","title":{"rendered":"Tonique White Effect"},"content":{"rendered":"<p>Lotion tonique anti-taches con\u00e7ue pour cibler et att\u00e9nuer les taches cutan\u00e9es tout en redonnant \u00e0 la peau son \u00e9clat naturel. Convient \u00e0 tous les types de peau.<\/p>","protected":false},"excerpt":{"rendered":"<p>LOTION ANTI-TACHES pour un teint uniforme, adapt\u00e9e \u00e0 tous les types de peau.<\/p>","protected":false},"featured_media":5114,"comment_status":"open","ping_status":"closed","template":"","meta":[],"product_brand":[],"product_cat":[113,105,116],"product_tag":[],"class_list":{"0":"post-5068","1":"product","2":"type-product","3":"status-publish","4":"has-post-thumbnail","6":"product_cat-anti-dark-spots","7":"product_cat-face","8":"product_cat-toners","9":"dc_vendor_shop-oryxbio","11":"first","12":"instock","13":"shipping-taxable","14":"purchasable","15":"product-type-simple"},"jetpack_sharing_enabled":true,"_links":{"self":[{"href":"https:\/\/goutte-de-rosee.com\/fr\/wp-json\/wp\/v2\/product\/5068","targetHints":{"allow":["GET"]}}],"collection":[{"href":"https:\/\/goutte-de-rosee.com\/fr\/wp-json\/wp\/v2\/product"}],"about":[{"href":"https:\/\/goutte-de-rosee.com\/fr\/wp-json\/wp\/v2\/types\/product"}],"replies":[{"embeddable":true,"href":"https:\/\/goutte-de-rosee.com\/fr\/wp-json\/wp\/v2\/comments?post=5068"}],"version-history":[{"count":1,"href":"https:\/\/goutte-de-rosee.com\/fr\/wp-json\/wp\/v2\/product\/5068\/revisions"}],"predecessor-version":[{"id":5152,"href":"https:\/\/goutte-de-rosee.com\/fr\/wp-json\/wp\/v2\/product\/5068\/revisions\/5152"}],"wp:featuredmedia":[{"embeddable":true,"href":"https:\/\/goutte-de-rosee.com\/fr\/wp-json\/wp\/v2\/media\/5114"}],"wp:attachment":[{"href":"https:\/\/goutte-de-rosee.com\/fr\/wp-json\/wp\/v2\/media?parent=5068"}],"wp:term":[{"taxonomy":"product_brand","embeddable":true,"href":"https:\/\/goutte-de-rosee.com\/fr\/wp-json\/wp\/v2\/product_brand?post=5068"},{"taxonomy":"product_cat","embeddable":true,"href":"https:\/\/goutte-de-rosee.com\/fr\/wp-json\/wp\/v2\/product_cat?post=5068"},{"taxonomy":"product_tag","embeddable":true,"href":"https:\/\/goutte-de-rosee.com\/fr\/wp-json\/wp\/v2\/product_tag?post=5068"}],"curies":[{"name":"wp","href":"https:\/\/api.w.org\/{rel}","templated":true}]}}